{"id":41,"date":"2024-11-04T11:31:51","date_gmt":"2024-11-04T11:31:51","guid":{"rendered":"https:\/\/unitaswageningen.nl\/?page_id=41"},"modified":"2025-11-13T16:37:06","modified_gmt":"2025-11-13T16:37:06","slug":"bestuur","status":"publish","type":"page","link":"https:\/\/unitaswageningen.nl\/en\/bestuur\/","title":{"rendered":"Board"},"content":{"rendered":"<div class=\"wp-block-cover\" style=\"padding-top:0;padding-bottom:0\"><img loading=\"lazy\" decoding=\"async\" width=\"1024\" height=\"449\" class=\"wp-block-cover__image-background wp-image-1080 size-large\" alt=\"\" src=\"https:\/\/unitaswageningen.nl\/wp-content\/uploads\/2025\/11\/Bestuur-groot-1024x449.jpg\" data-object-fit=\"cover\" srcset=\"https:\/\/unitaswageningen.nl\/wp-content\/uploads\/2025\/11\/Bestuur-groot-1024x449.jpg 1024w, https:\/\/unitaswageningen.nl\/wp-content\/uploads\/2025\/11\/Bestuur-groot-300x132.jpg 300w, https:\/\/unitaswageningen.nl\/wp-content\/uploads\/2025\/11\/Bestuur-groot-768x337.jpg 768w, https:\/\/unitaswageningen.nl\/wp-content\/uploads\/2025\/11\/Bestuur-groot-1536x674.jpg 1536w, https:\/\/unitaswageningen.nl\/wp-content\/uploads\/2025\/11\/Bestuur-groot-2048x898.jpg 2048w, https:\/\/unitaswageningen.nl\/wp-content\/uploads\/2025\/11\/Bestuur-groot-18x8.jpg 18w\" sizes=\"auto, (max-width: 1024px) 100vw, 1024px\" \/><span aria-hidden=\"true\" class=\"wp-block-cover__background has-background-dim\" style=\"background-color:#253b31\"><\/span><div class=\"wp-block-cover__inner-container has-global-padding is-layout-constrained wp-block-cover-is-layout-constrained\">\n<p class=\"has-text-align-center has-x-large-font-size\">Board<\/p>\n<\/div><\/div>\n\n\n\n<div style=\"height:27px\" aria-hidden=\"true\" class=\"wp-block-spacer\"><\/div>\n\n\n\n<div style=\"height:27px\" aria-hidden=\"true\" class=\"wp-block-spacer\"><\/div>\n\n\n\n<p class=\"has-text-align-center has-medium-font-size\">The 91st board of Unitas Wageningen<\/p>\n\n\n\n<p class=\"has-text-align-center has-medium-font-size\">O.D.Z &#8220;Nog eendje dan!&#8221;<br><a href=\"mailto:bestuur@jvunitas.nl\"><em>bestuur@jvunitas.nl<\/em><\/a><\/p>\n\n\n<div style=\"padding-top: var(--wp--preset--spacing--40); padding-bottom: var(--wp--preset--spacing--40); \" class=\"wp-block-ub-divider ub_divider ub-divider-orientation-horizontal\" id=\"ub_divider_06346d9b-ee49-425a-8048-d6fd1eb6e243\"><div class=\"ub_divider_wrapper\" style=\"position: relative; margin-bottom: 10px; width: 0%; height: 10px; \" data-divider-alignment=\"center\"><div class=\"ub_divider_line\" style=\"border-top: 1px solid #ffffff; margin-top: 10px; \"><\/div><\/div><\/div>\n\n\n<div class=\"wp-block-columns is-layout-flex wp-container-core-columns-is-layout-28f84493 wp-block-columns-is-layout-flex\">\n<div class=\"wp-block-column is-layout-flow wp-block-column-is-layout-flow\">\n<figure class=\"wp-block-image alignright size-full is-resized\"><img loading=\"lazy\" decoding=\"async\" width=\"1707\" height=\"2560\" src=\"https:\/\/unitaswageningen.nl\/wp-content\/uploads\/2025\/11\/Loek-scaled-1.jpg\" alt=\"\" class=\"wp-image-1081\" style=\"width:203px\" srcset=\"https:\/\/unitaswageningen.nl\/wp-content\/uploads\/2025\/11\/Loek-scaled-1.jpg 1707w, https:\/\/unitaswageningen.nl\/wp-content\/uploads\/2025\/11\/Loek-scaled-1-200x300.jpg 200w, https:\/\/unitaswageningen.nl\/wp-content\/uploads\/2025\/11\/Loek-scaled-1-683x1024.jpg 683w, https:\/\/unitaswageningen.nl\/wp-content\/uploads\/2025\/11\/Loek-scaled-1-768x1152.jpg 768w, https:\/\/unitaswageningen.nl\/wp-content\/uploads\/2025\/11\/Loek-scaled-1-1024x1536.jpg 1024w, https:\/\/unitaswageningen.nl\/wp-content\/uploads\/2025\/11\/Loek-scaled-1-1366x2048.jpg 1366w, https:\/\/unitaswageningen.nl\/wp-content\/uploads\/2025\/11\/Loek-scaled-1-8x12.jpg 8w\" sizes=\"auto, (max-width: 1707px) 100vw, 1707px\" \/><\/figure>\n<\/div>\n\n\n\n<div class=\"wp-block-column is-layout-flow wp-block-column-is-layout-flow\">\n<h4 class=\"wp-block-heading\" id=\"0-eildert-elzinga\">Loek van Dalen<\/h4>\n\n\n\n<blockquote class=\"wp-block-quote is-layout-flow wp-block-quote-is-layout-flow\">\n<p style=\"font-size:clamp(14px, 0.875rem + ((1vw - 3.2px) * 0.455), 18px);\">Chair<br><a href=\"mailto:voorzitter@jvunitas.nl\"><em>voorzitter@jvunitas.nl<\/em><\/a><\/p>\n\n\n\n<p style=\"font-size:clamp(14px, 0.875rem + ((1vw - 3.2px) * 0.455), 18px);\">Commissaris Bar<br><a href=\"mailto:bar@jvunitas.nl\">bar@jvunitas.nl<\/a><\/p>\n<\/blockquote>\n<\/div>\n<\/div>\n\n\n<div style=\"padding-top: var(--wp--preset--spacing--40); padding-bottom: var(--wp--preset--spacing--40); \" class=\"wp-block-ub-divider ub_divider ub-divider-orientation-horizontal\" id=\"ub_divider_cfc4135c-533d-4870-a59e-c8deea2f0e83\"><div class=\"ub_divider_wrapper\" style=\"position: relative; margin-bottom: 10px; width: 0%; height: 10px; \" data-divider-alignment=\"center\"><div class=\"ub_divider_line\" style=\"border-top: 1px solid #ffffff; margin-top: 10px; \"><\/div><\/div><\/div>\n\n\n<p><\/p>\n\n\n\n<p><\/p>\n\n\n\n<div class=\"wp-block-columns is-layout-flex wp-container-core-columns-is-layout-28f84493 wp-block-columns-is-layout-flex\">\n<div class=\"wp-block-column is-vertically-aligned-top is-layout-flow wp-block-column-is-layout-flow\">\n<figure class=\"wp-block-image alignright size-full is-resized\"><img loading=\"lazy\" decoding=\"async\" width=\"1707\" height=\"2560\" src=\"https:\/\/unitaswageningen.nl\/wp-content\/uploads\/2025\/11\/Brem-2-scaled-1.jpg\" alt=\"\" class=\"wp-image-1082\" style=\"width:204px\" srcset=\"https:\/\/unitaswageningen.nl\/wp-content\/uploads\/2025\/11\/Brem-2-scaled-1.jpg 1707w, https:\/\/unitaswageningen.nl\/wp-content\/uploads\/2025\/11\/Brem-2-scaled-1-200x300.jpg 200w, https:\/\/unitaswageningen.nl\/wp-content\/uploads\/2025\/11\/Brem-2-scaled-1-683x1024.jpg 683w, https:\/\/unitaswageningen.nl\/wp-content\/uploads\/2025\/11\/Brem-2-scaled-1-768x1152.jpg 768w, https:\/\/unitaswageningen.nl\/wp-content\/uploads\/2025\/11\/Brem-2-scaled-1-1024x1536.jpg 1024w, https:\/\/unitaswageningen.nl\/wp-content\/uploads\/2025\/11\/Brem-2-scaled-1-1366x2048.jpg 1366w, https:\/\/unitaswageningen.nl\/wp-content\/uploads\/2025\/11\/Brem-2-scaled-1-8x12.jpg 8w\" sizes=\"auto, (max-width: 1707px) 100vw, 1707px\" \/><\/figure>\n<\/div>\n\n\n\n<div class=\"wp-block-column is-layout-flow wp-block-column-is-layout-flow\">\n<h4 class=\"wp-block-heading\" id=\"1-lars-hamelijnck\">Brem van Workum<\/h4>\n\n\n\n<blockquote class=\"wp-block-quote is-layout-flow wp-block-quote-is-layout-flow\">\n<p style=\"font-size:clamp(14px, 0.875rem + ((1vw - 3.2px) * 0.455), 18px);\">Secretary<br><a href=\"mailto:secretaris@jvunitas.nl\"><em>secretaris@jvunitas.nl<\/em><\/a><\/p>\n\n\n\n<p style=\"font-size:clamp(14px, 0.875rem + ((1vw - 3.2px) * 0.455), 18px);\">Penningmeester Bar<br><a href=\"mailto:pb@jvunitas.nl\">pb@jvunitas.nl<\/a><\/p>\n<\/blockquote>\n<\/div>\n<\/div>\n\n\n<div style=\"padding-top: var(--wp--preset--spacing--40); padding-bottom: var(--wp--preset--spacing--40); \" class=\"wp-block-ub-divider ub_divider ub-divider-orientation-horizontal\" id=\"ub_divider_8daef6ea-b01b-49a4-aa29-c3873a181083\"><div class=\"ub_divider_wrapper\" style=\"position: relative; margin-bottom: 10px; width: 0%; height: 10px; \" data-divider-alignment=\"center\"><div class=\"ub_divider_line\" style=\"border-top: 1px solid #ffffff; margin-top: 10px; \"><\/div><\/div><\/div>\n\n\n<p><\/p>\n\n\n\n<p><\/p>\n\n\n\n<div class=\"wp-block-columns is-layout-flex wp-container-core-columns-is-layout-28f84493 wp-block-columns-is-layout-flex\">\n<div class=\"wp-block-column is-layout-flow wp-block-column-is-layout-flow\">\n<figure class=\"wp-block-image alignright size-full is-resized\"><img loading=\"lazy\" decoding=\"async\" width=\"1707\" height=\"2560\" src=\"https:\/\/unitaswageningen.nl\/wp-content\/uploads\/2025\/11\/Arthur-scaled-1.jpg\" alt=\"\" class=\"wp-image-1083\" style=\"width:203px\" srcset=\"https:\/\/unitaswageningen.nl\/wp-content\/uploads\/2025\/11\/Arthur-scaled-1.jpg 1707w, https:\/\/unitaswageningen.nl\/wp-content\/uploads\/2025\/11\/Arthur-scaled-1-200x300.jpg 200w, https:\/\/unitaswageningen.nl\/wp-content\/uploads\/2025\/11\/Arthur-scaled-1-683x1024.jpg 683w, https:\/\/unitaswageningen.nl\/wp-content\/uploads\/2025\/11\/Arthur-scaled-1-768x1152.jpg 768w, https:\/\/unitaswageningen.nl\/wp-content\/uploads\/2025\/11\/Arthur-scaled-1-1024x1536.jpg 1024w, https:\/\/unitaswageningen.nl\/wp-content\/uploads\/2025\/11\/Arthur-scaled-1-1366x2048.jpg 1366w, https:\/\/unitaswageningen.nl\/wp-content\/uploads\/2025\/11\/Arthur-scaled-1-8x12.jpg 8w\" sizes=\"auto, (max-width: 1707px) 100vw, 1707px\" \/><\/figure>\n<\/div>\n\n\n\n<div class=\"wp-block-column is-layout-flow wp-block-column-is-layout-flow\">\n<h4 class=\"wp-block-heading\" id=\"2-jelle-van-asseldonk\">Arthur Hein<\/h4>\n\n\n\n<blockquote class=\"wp-block-quote is-layout-flow wp-block-quote-is-layout-flow\">\n<p style=\"font-size:clamp(14px, 0.875rem + ((1vw - 3.2px) * 0.455), 18px);\">Treasurer Society<br><a href=\"mailto:ps@jvunitas.nl\"><em>ps@jvunitas.nl<\/em><\/a><\/p>\n\n\n\n<p style=\"font-size:clamp(14px, 0.875rem + ((1vw - 3.2px) * 0.455), 18px);\">Commissaris Sponsoring<br><a href=\"mailto:pr@jvunitas.nl\">pr@jvunitas.nl<\/a><\/p>\n<\/blockquote>\n<\/div>\n<\/div>\n\n\n<div style=\"padding-top: var(--wp--preset--spacing--40); padding-bottom: var(--wp--preset--spacing--40); \" class=\"wp-block-ub-divider ub_divider ub-divider-orientation-horizontal\" id=\"ub_divider_d0478ecc-b8ac-4c7d-a85c-4141aa22abc7\"><div class=\"ub_divider_wrapper\" style=\"position: relative; margin-bottom: 10px; width: 0%; height: 10px; \" data-divider-alignment=\"center\"><div class=\"ub_divider_line\" style=\"border-top: 1px solid #ffffff; margin-top: 10px; \"><\/div><\/div><\/div>\n\n\n<p><\/p>\n\n\n\n<p><\/p>\n\n\n\n<div class=\"wp-block-columns is-layout-flex wp-container-core-columns-is-layout-28f84493 wp-block-columns-is-layout-flex\">\n<div class=\"wp-block-column is-layout-flow wp-block-column-is-layout-flow\">\n<figure class=\"wp-block-image alignright size-full is-resized\"><img loading=\"lazy\" decoding=\"async\" width=\"1707\" height=\"2560\" src=\"https:\/\/unitaswageningen.nl\/wp-content\/uploads\/2025\/11\/Fenne-1-scaled-1.jpg\" alt=\"\" class=\"wp-image-1084\" style=\"width:203px\" srcset=\"https:\/\/unitaswageningen.nl\/wp-content\/uploads\/2025\/11\/Fenne-1-scaled-1.jpg 1707w, https:\/\/unitaswageningen.nl\/wp-content\/uploads\/2025\/11\/Fenne-1-scaled-1-200x300.jpg 200w, https:\/\/unitaswageningen.nl\/wp-content\/uploads\/2025\/11\/Fenne-1-scaled-1-683x1024.jpg 683w, https:\/\/unitaswageningen.nl\/wp-content\/uploads\/2025\/11\/Fenne-1-scaled-1-768x1152.jpg 768w, https:\/\/unitaswageningen.nl\/wp-content\/uploads\/2025\/11\/Fenne-1-scaled-1-1024x1536.jpg 1024w, https:\/\/unitaswageningen.nl\/wp-content\/uploads\/2025\/11\/Fenne-1-scaled-1-1366x2048.jpg 1366w, https:\/\/unitaswageningen.nl\/wp-content\/uploads\/2025\/11\/Fenne-1-scaled-1-8x12.jpg 8w\" sizes=\"auto, (max-width: 1707px) 100vw, 1707px\" \/><\/figure>\n<\/div>\n\n\n\n<div class=\"wp-block-column is-layout-flow wp-block-column-is-layout-flow\">\n<h4 class=\"wp-block-heading\" id=\"3-elec-de-haan\">Fenne de Lange<\/h4>\n\n\n\n<blockquote class=\"wp-block-quote is-layout-flow wp-block-quote-is-layout-flow\">\n<p style=\"font-size:clamp(14px, 0.875rem + ((1vw - 3.2px) * 0.455), 18px);\">Members Coordinator<br><a href=\"mailto:lc@jvunitas.nl\">lc@jvunitas.nl<\/a><\/p>\n\n\n\n<p style=\"font-size:clamp(14px, 0.875rem + ((1vw - 3.2px) * 0.455), 18px);\">Commissioner Extern<br><a href=\"mailto:extern@jvunitas.nl\">extern@jvunitas.nl<\/a><\/p>\n<\/blockquote>\n<\/div>\n<\/div>\n\n\n<div style=\"padding-top: var(--wp--preset--spacing--40); padding-bottom: var(--wp--preset--spacing--40); \" class=\"wp-block-ub-divider ub_divider ub-divider-orientation-horizontal\" id=\"ub_divider_fbb9bbdf-a5ed-4396-84f7-6c84d5f4afc6\"><div class=\"ub_divider_wrapper\" style=\"position: relative; margin-bottom: 10px; width: 0%; height: 10px; \" data-divider-alignment=\"center\"><div class=\"ub_divider_line\" style=\"border-top: 1px solid #ffffff; margin-top: 10px; \"><\/div><\/div><\/div>\n\n\n<p><\/p>\n\n\n\n<p><\/p>\n\n\n\n<div class=\"wp-block-columns is-layout-flex wp-container-core-columns-is-layout-28f84493 wp-block-columns-is-layout-flex\">\n<div class=\"wp-block-column is-layout-flow wp-block-column-is-layout-flow\">\n<figure class=\"wp-block-image alignright size-full is-resized\"><img loading=\"lazy\" decoding=\"async\" width=\"1707\" height=\"2560\" src=\"https:\/\/unitaswageningen.nl\/wp-content\/uploads\/2025\/11\/Finn-1-scaled-1.jpg\" alt=\"\" class=\"wp-image-1085\" style=\"width:203px\" srcset=\"https:\/\/unitaswageningen.nl\/wp-content\/uploads\/2025\/11\/Finn-1-scaled-1.jpg 1707w, https:\/\/unitaswageningen.nl\/wp-content\/uploads\/2025\/11\/Finn-1-scaled-1-200x300.jpg 200w, https:\/\/unitaswageningen.nl\/wp-content\/uploads\/2025\/11\/Finn-1-scaled-1-683x1024.jpg 683w, https:\/\/unitaswageningen.nl\/wp-content\/uploads\/2025\/11\/Finn-1-scaled-1-768x1152.jpg 768w, https:\/\/unitaswageningen.nl\/wp-content\/uploads\/2025\/11\/Finn-1-scaled-1-1024x1536.jpg 1024w, https:\/\/unitaswageningen.nl\/wp-content\/uploads\/2025\/11\/Finn-1-scaled-1-1366x2048.jpg 1366w, https:\/\/unitaswageningen.nl\/wp-content\/uploads\/2025\/11\/Finn-1-scaled-1-8x12.jpg 8w\" sizes=\"auto, (max-width: 1707px) 100vw, 1707px\" \/><\/figure>\n<\/div>\n\n\n\n<div class=\"wp-block-column is-layout-flow wp-block-column-is-layout-flow\">\n<h4 class=\"wp-block-heading\" id=\"4-sam-kroon\">Finn Zaan<\/h4>\n\n\n\n<blockquote class=\"wp-block-quote is-layout-flow wp-block-quote-is-layout-flow\">\n<p style=\"font-size:clamp(14px, 0.875rem + ((1vw - 3.2px) * 0.455), 18px);\">Commissioner Society<br><a href=\"mailto:societeit@jvunitas.nl\"><em>societeit@jvunitas.nl<\/em><\/a><\/p>\n\n\n\n<p style=\"font-size:clamp(14px, 0.875rem + ((1vw - 3.2px) * 0.455), 18px);\">Treasurer Activities<br><a href=\"mailto:pa@jvunitas.nl\">pa@jvunitas.nl<\/a><\/p>\n\n\n\n<p style=\"font-size:clamp(14px, 0.875rem + ((1vw - 3.2px) * 0.455), 18px);\">Vice Chair<br><a href=\"mailto:vicevoorzitter@jvunitas.nl\">vicevoorzitter@jvunitas.nl<\/a><\/p>\n<\/blockquote>\n<\/div>\n<\/div>\n\n\n<div style=\"padding-top: var(--wp--preset--spacing--40); padding-bottom: var(--wp--preset--spacing--40); \" class=\"wp-block-ub-divider ub_divider ub-divider-orientation-horizontal\" id=\"ub_divider_84d75faf-4f6e-40fe-906f-f9b1e4a8a0d1\"><div class=\"ub_divider_wrapper\" style=\"position: relative; margin-bottom: 10px; width: 0%; height: 10px; \" data-divider-alignment=\"center\"><div class=\"ub_divider_line\" style=\"border-top: 1px solid #ffffff; margin-top: 10px; \"><\/div><\/div><\/div>\n\n\n<p><\/p>\n\n\n\n<p><\/p>\n\n\n\n<div class=\"wp-block-columns is-layout-flex wp-container-core-columns-is-layout-28f84493 wp-block-columns-is-layout-flex\">\n<div class=\"wp-block-column is-layout-flow wp-block-column-is-layout-flow\">\n<figure class=\"wp-block-image alignright size-full is-resized\"><img loading=\"lazy\" decoding=\"async\" width=\"1707\" height=\"2560\" src=\"https:\/\/unitaswageningen.nl\/wp-content\/uploads\/2025\/11\/Kaelan-1-scaled-1.jpg\" alt=\"\" class=\"wp-image-1086\" style=\"width:203px\" srcset=\"https:\/\/unitaswageningen.nl\/wp-content\/uploads\/2025\/11\/Kaelan-1-scaled-1.jpg 1707w, https:\/\/unitaswageningen.nl\/wp-content\/uploads\/2025\/11\/Kaelan-1-scaled-1-200x300.jpg 200w, https:\/\/unitaswageningen.nl\/wp-content\/uploads\/2025\/11\/Kaelan-1-scaled-1-683x1024.jpg 683w, https:\/\/unitaswageningen.nl\/wp-content\/uploads\/2025\/11\/Kaelan-1-scaled-1-768x1152.jpg 768w, https:\/\/unitaswageningen.nl\/wp-content\/uploads\/2025\/11\/Kaelan-1-scaled-1-1024x1536.jpg 1024w, https:\/\/unitaswageningen.nl\/wp-content\/uploads\/2025\/11\/Kaelan-1-scaled-1-1366x2048.jpg 1366w, https:\/\/unitaswageningen.nl\/wp-content\/uploads\/2025\/11\/Kaelan-1-scaled-1-8x12.jpg 8w\" sizes=\"auto, (max-width: 1707px) 100vw, 1707px\" \/><\/figure>\n<\/div>\n\n\n\n<div class=\"wp-block-column is-layout-flow wp-block-column-is-layout-flow\">\n<h4 class=\"wp-block-heading\" id=\"5-amy-jonkers\">Kaelan Koops<\/h4>\n\n\n\n<blockquote class=\"wp-block-quote is-layout-flow wp-block-quote-is-layout-flow\">\n<p style=\"font-size:clamp(14px, 0.875rem + ((1vw - 3.2px) * 0.455), 18px);\">Commissioner Activities<br><a href=\"mailto:ca@jvunitas.nl\">ca@jvunitas.nl<\/a><\/p>\n\n\n\n<p style=\"font-size:clamp(14px, 0.875rem + ((1vw - 3.2px) * 0.455), 18px);\">Commissioner Stage<br><a href=\"mailto:podium@jvunitas.nl\">podium@jvunitas.nl<\/a><\/p>\n<\/blockquote>\n<\/div>\n<\/div>\n\n\n<div style=\"padding-top: var(--wp--preset--spacing--40); padding-bottom: var(--wp--preset--spacing--40); \" class=\"wp-block-ub-divider ub_divider ub-divider-orientation-horizontal\" id=\"ub_divider_2bf39cb3-36e6-48f6-ad1f-0bb920c4529e\"><div class=\"ub_divider_wrapper\" style=\"position: relative; margin-bottom: 10px; width: 0%; height: 10px; \" data-divider-alignment=\"center\"><div class=\"ub_divider_line\" style=\"border-top: 1px solid #ffffff; margin-top: 10px; \"><\/div><\/div><\/div>\n\n\n<p><\/p>\n\n\n\n<p><\/p>\n\n\n\n<p><\/p>","protected":false},"excerpt":{"rendered":"<p>Het 91ste bestuur van Unitas Wageningen O.D.Z &#8220;Nog eendje dan!&#8221;bestuur@jvunitas.nl Loek van Dalen Voorzittervoorzitter@jvunitas.nl Commissaris Barbar@jvunitas.nl Brem van Workum Secretarissecretaris@jvunitas.nl Penningmeester Barpb@jvunitas.nl Arthur Hein Penningmeester Soci\u00ebteitps@jvunitas.nl Commissaris Sponsoringpr@jvunitas.nl Fenne de Lange Ledenco\u00f6rdinatorlc@jvunitas.nl Commissaris Externextern@jvunitas.nl Finn Zaan Commissaris Soci\u00ebteitsocieteit@jvunitas.nl Penningmeester Activiteitenpa@jvunitas.nl Vicevoorzittervicevoorzitter@jvunitas.nl Kaelan Koops Commissaris Activiteitenca@jvunitas.nl Commissaris Podiumpodium@jvunitas.nl<\/p>","protected":false},"author":2,"featured_media":0,"parent":0,"menu_order":0,"comment_status":"closed","ping_status":"closed","template":"blog-blank","meta":{"inline_featured_image":false,"footnotes":""},"class_list":["post-41","page","type-page","status-publish","hentry"],"featured_image_src":null,"_links":{"self":[{"href":"https:\/\/unitaswageningen.nl\/en\/wp-json\/wp\/v2\/pages\/41","targetHints":{"allow":["GET"]}}],"collection":[{"href":"https:\/\/unitaswageningen.nl\/en\/wp-json\/wp\/v2\/pages"}],"about":[{"href":"https:\/\/unitaswageningen.nl\/en\/wp-json\/wp\/v2\/types\/page"}],"author":[{"embeddable":true,"href":"https:\/\/unitaswageningen.nl\/en\/wp-json\/wp\/v2\/users\/2"}],"replies":[{"embeddable":true,"href":"https:\/\/unitaswageningen.nl\/en\/wp-json\/wp\/v2\/comments?post=41"}],"version-history":[{"count":26,"href":"https:\/\/unitaswageningen.nl\/en\/wp-json\/wp\/v2\/pages\/41\/revisions"}],"predecessor-version":[{"id":1089,"href":"https:\/\/unitaswageningen.nl\/en\/wp-json\/wp\/v2\/pages\/41\/revisions\/1089"}],"wp:attachment":[{"href":"https:\/\/unitaswageningen.nl\/en\/wp-json\/wp\/v2\/media?parent=41"}],"curies":[{"name":"wp","href":"https:\/\/api.w.org\/{rel}","templated":true}]}}